{"id":23,"date":"2011-06-20T20:26:53","date_gmt":"2011-06-20T20:26:53","guid":{"rendered":"http:\/\/178.79.155.39\/wordpress\/?page_id=23"},"modified":"2018-04-08T17:06:15","modified_gmt":"2018-04-08T17:06:15","slug":"contributions-to-edited-volumes","status":"publish","type":"page","link":"http:\/\/www.catherinehakim.org\/?page_id=23","title":{"rendered":"Contributions to Edited Volumes"},"content":{"rendered":"<p>&#8216;Stratification and gender&#8217;, &#8216;Preference theory&#8217;, &#8216;Erotic capital&#8217;, and &#8216;Male sexual deficit&#8217; in\u00a0<em>Encyclopedia of Sociology\u00a0<\/em> (eds) G Rtizer and JM Ryan, 2nd edition, New York: Blackwell, 2015.<\/p>\n<p><span style=\"color: #000000;\"><span style=\"font-family: Times New Roman;\"><span style=\"font-size: medium;\">\u2018Erotic capital\u2019 and &#8216;Parallel relationships&#8217; in <em>International Encyclopedia of the Social and Behavioral Sciences<\/em> (ed) J D\u00a0 Wright, 2<\/span><sup><span style=\"font-size: small;\">nd<\/span><\/sup><span style=\"font-size: medium;\"> edition, Oxford: Elsevier, 2014.<\/span><\/span><\/span><\/p>\n<p><span style=\"color: #000000; font-family: Times New Roman; font-size: medium;\">\u00a0<\/span>\u2018Erotic capital: A neglected factor in research on couples\u2019 in Marina Rupp, Olaf Kapella, Norbert F. Schneider (Eds.) (2014): <em>Zukunft der Familie &#8211; Anforderungen an Familienpolitik und Familienwissenschaft<\/em>. Tagungsband zum 4. Europ\u00e4ischen Fachkongress Familienforschung. Opladen, Berlin &amp; Toronto: Verlag Barbara Budrich.<\/p>\n<p>&#8216;What do women really want? Crafting family policies for all women&#8217;, pp. 177-204 in <em>Whither the Child? Causes and Consequences of Low Fertility<\/em> (eds) E. Kaufmann and W. B. Wilcox, Boulder CO: Paradigm, January 2013.<\/p>\n<p>&#8216;Erotic capital, sexual markets and sexual pleasure&#8217; pp. 27-44 in <em>Sexuality and\u00a0Health: Papers presented to the 2012 NACS conference<\/em>\u00a0(ed) Osmo Kontula,\u00a0Helsinki: Nordic Association of Clinical Sexology, October 2012.<\/p>\n<p>&#8216;Women&#8217;s lifestyle preferences in the 21st century: Implications for family policy&#8217;, pp 177-195 in <em>The Future of Motherhood in Western Societies: Late Fertility and Its Consequences<\/em> (eds) G Beets, J Schippers and E te Velde, Dordrecht NL and New York: Springer, February 2011.<\/p>\n<p>&#8216;Ideas y valores que influyen en los comportamientos familiares&#8217;, pp. 143-215 in <em>Encuesta de Fecundidad, Familia y Valores 2006<\/em> (ed) Margarita Delgado, Opiniones y Actitudes No. 59, Madrid: Centro de Investigaciones Sociol\u00f3gicas, December 2007. (with In\u00e9s Alberdi)<\/p>\n<p>`The politics of female diversity in the 21st century&#8217;, pp. 191-227 in <em>The Future of Gender<\/em> (ed) J Browne, Cambridge: Cambridge University Press, 2007.<\/p>\n<p>&#8216;Stratification and gender&#8217; in <em>Encyclopedia of Sociology<\/em> (ed) G Ritzer, New York: Blackwell, 2006. Reprinted 2008 (in abbreviated form) in <em>Concise Blackwell Encyclopedia of Sociology <\/em>(eds) G Ritzer and J M Ryan; reprinted 2010.<\/p>\n<p>&#8216;Familia y trabajo: una polarizaci\u00f3n de los estilos de vida en Gran Breta\u00f1a y Espa\u00f1a&#8217; (Family and work: the polarisation of lifestyles in Britain and Spain), in <em>Viejas Sociedades, Nueva Sociolg\u00eda<\/em> (eds) J. Monreal, C. D\u00edaz, and J. J. Garc\u00eda Escr\u00edbano, Madrid: Centro de Investigaci\u00f3nes Soci\u00f3logicas, September 2005.<\/p>\n<p>`Lifestyle preferences&#8217;, in <em>Encyclopedia of Career Development<\/em> (ed) J H Greenhaus, Sage Reference, 2005.<\/p>\n<p>`Sex differences in work-life balance goals&#8217;, pp 55-79 in <em>Work-Life Balance in the Twenty-First Century<\/em> (ed) D Houston, London: Palgrave Macmillan, 2005.<\/p>\n<p>`Lifestyle preferences versus patriarchal values: causal and non-causal attitudes&#8217;, pp. 69-91 in <em>Changing Life Patterns in Western Industrial Societies<\/em> (eds) J Z Giele and E Holst, Oxford: Elsevier, January 2004.<\/p>\n<p>`Parenthood&#8217;, pp. 720-722 in <em>Encyclopedia of Population<\/em> (eds) Paul Demeny and Geoffrey McNicoll, New York: Macmillan Reference, May 2003.<\/p>\n<p>`De voorkeurtheorie&#8217; pp. 89-96 in <em>Jaarboek I Steunpunt Gelijkekansenbeleid<\/em> (eds) M Michielsens, J Breda, M Van Haegendoren and J Vranken, Antwerp: Garant, 2003.<\/p>\n<p>`Alternative European models of women&#8217;s roles in the family and the labour market&#8217;, pp 265-86 in <em>The Making of the European Union &#8211; Contributions of the Social Sciences<\/em> (ed) M. Haller, Berlin: Springer-Verlag, 2001.<\/p>\n<p>`Diversity and choice in the sexual contract: models for the 21st century&#8217;, pp 165-79 in <em>Rewriting the Sexual Contract<\/em> (ed) G Dench, New Brunswick NJ: Transaction Publishers, 1999.<\/p>\n<p>`Working time in Britain: non-regulation and <em>laisser faire<\/em> policies&#8217;, pp 269-303 in Yota Kravaritou (ed) <em>The Regulation of Working Time in the European Union: Gender Perspectives<\/em>, Brussels: PIE-Peter Lang SA, 1999.<\/p>\n<p>`A sociological perspective on part-time work&#8217;, pp 22-70 in <em>Between Equalization and Marginalization: Women Part-time Workers in Europe and the USA<\/em> (eds) H-P Blossfeld and C Hakim, Oxford: Oxford University Press, 1997.<\/p>\n<p>`Introduction: a comparative perspective on part-time work&#8217;, pp 1-21 in <em>Between Equalization and Marginalization: Women Part-time Workers in Europe and the USA<\/em> (eds) H-P Blossfeld and C Hakim, Oxford: Oxford University Press, 1997.\u00a0 (with H-P Blossfeld)<\/p>\n<p>`Working time in the United Kingdom&#8217;, pp 659-693 in <em>Legal and Contractual Limitations to Working Time in the European Community Member States<\/em>, 2nd edition, (eds) R Blanpain and J Rojot, Leuven: Peeters for the European Foundation for the Improvement of Living and Working Conditions, 1997.\u00a0 (with B A Hepple)<\/p>\n<p>`Theoretical and measurement issues in the analysis of occupational segregation&#8217;, pp 67-88 in <em>Gender Specific Occupational Segregation<\/em> (ed) P Beckmann, Beitr\u00e4ge zur Arbeitsmarkt- und Berufsforschung (Monographs on Employment Research) No. 188, N\u00fcrnberg: Institute for Employment Research of the Federal Employment Services (IAB), 1996.<\/p>\n<p>Contributions on the sociology of economic life, labour sociology, industrial relations, demography, political sociology, criminology, social policy, research design, research methods and social statistics in <em>The Concise Oxford Dictionary of Sociology<\/em> (ed) Gordon Marshall, Oxford: Oxford University Press, 1994.\u00a0 Further contributions to the second edition, 1998.<\/p>\n<p>`Social research: An overview of methods and approaches&#8217;, pp 14-18 in <em>Directory of Social Research Organisations in the United Kingdom<\/em> (eds) W Sykes, M Bulmer and M Schwerzel, London: Mansell, 1993.<\/p>\n<p>`Research analysis of administrative records&#8217;, pp 131-145 in <em>Social Research: Philosophy, Politics and Practice<\/em> (ed) M Hammersley, London: Sage for the Open University, 1993.<\/p>\n<p>`Unemployment, marginal work and the black economy&#8217;, pp 144-159 in <em>Understanding Unemployment: New Perspectives on Active Labour Market Policies<\/em> (ed) E McLaughlin, London: Routledge, 1992.<\/p>\n<p>`On the margins of Europe?\u00a0 The social policy implications of women&#8217;s marginal work&#8217; in <em>The Implications of 1992 for Social Insurance<\/em>,\u00a0 Cross National Research Papers\u00a0 (eds)\u00a0 S Mangen, L Hantrais and M O&#8217;Brien, London: London School of Economics, July 1990.<\/p>\n<p>`Homeworking in Britain&#8217;, pp 609-632 in <em>On Work: Historical, Comparative and Theoretical Approaches<\/em> (ed) R Pahl, Oxford: Blackwell, 1988.<\/p>\n<p>`Home-based work in Britain: an example of the expanding flexible workforce&#8217; in <em>The Changing Nature of Employment: New Forms and New Areas<\/em>, Report of the EC Conference held in Paris on 19-20 June 1987, Brussels: Commission of the European Communities, 1988, pp 348-362.<\/p>\n<p>`Social monitors: population censuses as social surveys&#8217;, pp 39-51 in <em>Essays on the History of British Sociological Research<\/em> (ed) M Bulmer, Cambridge: Cambridge University Press, 1985.<\/p>\n<p>`Integrated social data systems: the role of household censuses and surveys as sources of social, demographic and manpower data in Britain&#8217;, pp 159-168 in <em>Information Systems in Public Administration and their Role in Economic and Social Development<\/em> (ed) D Eade and J Hodgson for Data for Development International Association,\u00a0 Oxford: North Holland, 1981.<\/p>\n<p>`Census confidentiality in Britain&#8217;, pp 132-157 in <em>Censuses, Surveys and Privacy<\/em> (ed) M Bulmer, London: Macmillan, 1979.<\/p>\n<p>&nbsp;<\/p>\n","protected":false},"excerpt":{"rendered":"<p>&#8216;Stratification and gender&#8217;, &#8216;Preference theory&#8217;, &#8216;Erotic capital&#8217;, and &#8216;Male sexual deficit&#8217; in\u00a0Encyclopedia of Sociology\u00a0 (eds) G Rtizer and JM Ryan, 2nd edition, New York: Blackwell, 2015. \u2018Erotic capital\u2019 and &#8216;Parallel relationships&#8217; in International Encyclopedia of the Social and Behavioral Sciences &hellip; <a href=\"http:\/\/www.catherinehakim.org\/?page_id=23\">Continue reading <span class=\"meta-nav\">&rarr;<\/span><\/a><\/p>\n","protected":false},"author":1,"featured_media":0,"parent":0,"menu_order":4,"comment_status":"closed","ping_status":"closed","template":"","meta":[],"_links":{"self":[{"href":"http:\/\/www.catherinehakim.org\/index.php?rest_route=\/wp\/v2\/pages\/23"}],"collection":[{"href":"http:\/\/www.catherinehakim.org\/index.php?rest_route=\/wp\/v2\/pages"}],"about":[{"href":"http:\/\/www.catherinehakim.org\/index.php?rest_route=\/wp\/v2\/types\/page"}],"author":[{"embeddable":true,"href":"http:\/\/www.catherinehakim.org\/index.php?rest_route=\/wp\/v2\/users\/1"}],"replies":[{"embeddable":true,"href":"http:\/\/www.catherinehakim.org\/index.php?rest_route=%2Fwp%2Fv2%2Fcomments&post=23"}],"version-history":[{"count":17,"href":"http:\/\/www.catherinehakim.org\/index.php?rest_route=\/wp\/v2\/pages\/23\/revisions"}],"predecessor-version":[{"id":266,"href":"http:\/\/www.catherinehakim.org\/index.php?rest_route=\/wp\/v2\/pages\/23\/revisions\/266"}],"wp:attachment":[{"href":"http:\/\/www.catherinehakim.org\/index.php?rest_route=%2Fwp%2Fv2%2Fmedia&parent=23"}],"curies":[{"name":"wp","href":"https:\/\/api.w.org\/{rel}","templated":true}]}}